{"id":924,"date":"2015-12-02T14:37:34","date_gmt":"2015-12-02T14:37:34","guid":{"rendered":"https:\/\/tcrw-schwerte.de\/?page_id=924"},"modified":"2025-03-27T12:53:12","modified_gmt":"2025-03-27T11:53:12","slug":"chronik","status":"publish","type":"page","link":"https:\/\/tcrw-schwerte.de\/?page_id=924","title":{"rendered":"Chronik"},"content":{"rendered":"<section class=\"wpb-content-wrapper\"><p>[vc_row][vc_column]<div class=\"sc_content content_wrap custom-slider1 \" data-animation=\"animated fadeInUp normal\"><div class=\"columns_wrap sc_columns columns_nofluid sc_columns_count_2\"><div class=\"column-1_2 sc_column_item sc_column_item_1 odd first\"><h3 class=\"sc_title sc_title_regular margin_top_huge margin_bottom_null\" style=\"font-weight:600;font-size:3.571em;\">Chronik des Vereins<\/h3>[vc_column_text]Der heutige Tennisverein TC Rot-Wei\u00df Schwerte ist im Jahre 1950 als eigenst\u00e4ndige Sparte im Hauptverein ETuS Schwerte entstanden. Der Hauptinitiator war der Sportsfreund Otto S\u00fctering (leider zu fr\u00fch im Jahre 1953 verstorben), der Tennisgedanken ins Leben rief.<\/p>\n<p>Das einzige noch lebende Gr\u00fcndungsmitglied ist die jetzt \u00fcber 80 Jahre alte Hanni Dickmann, die ab und zu noch gerne dem Vereinsheim einen Besuch abstattet. Im Oktober des Jahres 1953 begannen die Mitglieder der Tennisabteilung zusammen mit zahlreichen Idealisten<\/p>\n<p>des Hauptvereins in ihrer Freizeit mit dem Bau einer Tennisanlage innerhalb des Gro\u00dfsportgel\u00e4ndes am damaligen Eisenbahn-Ausbesserungswerkes. Es wurden keine Zeit und M\u00fchen gescheut um das Vorhaben durchzuf\u00fchren, musste man doch ohne Darlehen und andere Finanzierungsgelder auskommen. So l\u00f6ste man alle akuten Probleme mit gro\u00dfer Eigeninitiative und erheblichen Eigenleistungen. Andernfalls h\u00e4tte die Tilgung von Fremdmitteln die fortw\u00e4hrende Belastung aller weiteren Planungen bedeutet.<\/p>\n<p>Mit dem Geschaffenen gab man sich jedoch nicht zufrieden, und so entstanden in den kommenden Jahren insgesamt zwei Tennispl\u00e4tze in der herrlichen von hohen Baumgruppen umgebenen TuS-Kampfbahn. Dort konnte man von den Anstrengungen des Alltags Abstand gewinnen und bei der Aus\u00fcbung des &#8220;Sports mit dem wei\u00dfen Ball&#8221; Erholung und Entspannungfinden.<\/p>\n<p>Anhand des vereinseigenen Archivs, welches u.a. von den sp\u00e4teren Vorsitzenden Gerd Dickmann, der den Verein 23 Jahre bis 1974 leitete,Friedel N\u00fchring,Nico von Wagner, Addi Langerak, Friedhelm Kordel und dem amtierenden Vorsitzenden Udo Behrenberg sowie dem Gesch\u00e4ftsf\u00fchrer Heiner Kockelke gef\u00fchrt wurde, l\u00e4\u00dft sich die weiter Entwicklung des Vereins mit seiner Anlage und dem Clubhaus verfolgen. In den folgenden Jahren entstand ein kleines Clubhaus, das mit dem Bau einer sanit\u00e4ren Anlage in Selbsthilfeaktion im Jahre 1961 fertig gestellt wurde. Es folgte in unmittelbarer N\u00e4he der Bau der Tennishallen, die privat unter der Beteiligung von Vereinsmitgliedern gebaut und betrieben wurden. Von diesen Tennishallen, welche Teilweise auf dem Gel\u00e4nde des EtuS-Schwerte gebaut wurden, profitierte nat\u00fcrlich auch in gewisser Weise der Verein mit seinen Mitgliedern.<\/p>\n<p>&nbsp;<\/p>\n<p>Durch den Bau des dritten Tennisplatzes im Jahre 1971 war erst einmal das Bed\u00fcrfnis nach Erweiterung gestillt. Folglich r\u00fcckte die Gestaltung des Vereinslebens f\u00fcr eine lange Zeit in den Vordergrund. In den 80er Jahren erlebte der Tennissport einen enormen Zuwachs,<\/p>\n<p>welcher nicht zuletzt auf die Erfolge von Boris Becker zur\u00fcckzuf\u00fchren war. Im Jahr 1988 ergab sich die M\u00f6glichkeit, das f\u00fcr die Tennisanlage genutzte Grundst\u00fcck von der Deutschen Bundesbahn zu kaufen. Dadurch wurde aus der Sparte des ETuS-Schwerte der heutige TC Rot-Wei\u00df Schwerte, der Verein war nun eigenst\u00e4ndig.<\/p>\n<p>Die Mitgliederzahlen erh\u00f6hten sich, und so wurde im Jahre 1989 unter der Regie von Addi Langerak und Klaus Bremerich das heutige Clubhaus mit sehr viel Eigenhilfe erbaut. In den Jahren 1991\/92 wurde die Anlage auf insgesamt 6 Au\u00dfenpl\u00e4tze erweitert. Im Jahre 1995 gingen\u00a0die Tennishallen in das Eigentum des Vereins \u00fcber. Mit dem Kauf war die Anlage in ihrer heutigen Form erstellt.<\/p>\n<p>Die beiden Tennishallen wurden renoviert und auf einen modernen Stand gebracht. Dazu geh\u00f6rt auch ein deutlich verbesserter Sanit\u00e4rbereich. Damit m\u00f6chte der Verein seinen treuen Kunden weiterhin eine angenehme Tennisheimat bieten.<\/p>\n<p>Der Verein hat bis zum heutigen Zeitpunkt einen konstanten Mitgliederbestand. Die Bewirtschaftung des Clubhauses erfolgt seit Jahrzehnten \u00fcber einen organisierten Thekendienst, der durch die Mitglieder geleistet wird und der zum guten und famili\u00e4ren Vereinsleben beitr\u00e4gt.[\/vc_column_text]<\/div><div class=\"column-1_2 sc_column_item sc_column_item_2 even\" style=\"text-align:center;\"><div class=\"sc_column_item_inner\" style=\"background-image:url(http:\/\/1467);background-repeat:repeat;\">[vc_gallery interval=&#8221;3&#8243; images=&#8221;3362,3363,3364,3365&#8243; title=&#8221;Chronik&#8221;]<div id=\"sc_slider_2108891618\" class=\"sc_slider sc_slider_swiper swiper-slider-container sc_slider_height_fixed sc_slider_nocontrols sc_slider_pagination sc_slider_bg margin_top_medium margin_bottom_medium margin_left_small-\" data-old-height=\"500px\" data-interval=\"8663\" style=\"height:500px;width:94.5%;\"><div class=\"slides swiper-wrapper\" style=\"height:500px;\"><div class=\"swiper-slide\" data-style=\"width:94.5%;height:500px;\" style=\"background-image:url(https:\/\/tcrw-schwerte.de\/wp-content\/uploads\/2023\/06\/IMG_5320-scaled.jpg);width:94.5%;height:500px;\"><\/div><div class=\"swiper-slide\" data-style=\"width:94.5%;height:500px;\" style=\"background-image:url(https:\/\/tcrw-schwerte.de\/wp-content\/uploads\/2023\/06\/IMG_5344-scaled.jpg);width:94.5%;height:500px;\"><\/div><div class=\"swiper-slide\" data-style=\"width:94.5%;height:500px;\" style=\"background-image:url(https:\/\/tcrw-schwerte.de\/wp-content\/uploads\/2023\/06\/TCRW-Plakat-Instagram-Post-Quadratisch-3.png);width:94.5%;height:500px;\"><\/div><div class=\"swiper-slide\" data-style=\"width:94.5%;height:500px;\" style=\"background-image:url(https:\/\/tcrw-schwerte.de\/wp-content\/uploads\/2023\/06\/TCRW-Plakat-Instagram-Post-Quadratisch.png);width:94.5%;height:500px;\"><\/div><\/div><div class=\"sc_slider_pagination_wrap\"><\/div><\/div><\/div><\/div><\/div><\/div>[\/vc_column][\/vc_row]<\/p>\n<\/section>","protected":false},"excerpt":{"rendered":"<p>[vc_row][vc_column][\/vc_column][\/vc_row]<\/p>\n","protected":false},"author":1,"featured_media":0,"parent":0,"menu_order":0,"comment_status":"closed","ping_status":"closed","template":"","meta":{"footnotes":""},"class_list":["post-924","page","type-page","status-publish","hentry"],"_links":{"self":[{"href":"https:\/\/tcrw-schwerte.de\/index.php?rest_route=\/wp\/v2\/pages\/924","targetHints":{"allow":["GET"]}}],"collection":[{"href":"https:\/\/tcrw-schwerte.de\/index.php?rest_route=\/wp\/v2\/pages"}],"about":[{"href":"https:\/\/tcrw-schwerte.de\/index.php?rest_route=\/wp\/v2\/types\/page"}],"author":[{"embeddable":true,"href":"https:\/\/tcrw-schwerte.de\/index.php?rest_route=\/wp\/v2\/users\/1"}],"replies":[{"embeddable":true,"href":"https:\/\/tcrw-schwerte.de\/index.php?rest_route=%2Fwp%2Fv2%2Fcomments&post=924"}],"version-history":[{"count":4,"href":"https:\/\/tcrw-schwerte.de\/index.php?rest_route=\/wp\/v2\/pages\/924\/revisions"}],"predecessor-version":[{"id":3654,"href":"https:\/\/tcrw-schwerte.de\/index.php?rest_route=\/wp\/v2\/pages\/924\/revisions\/3654"}],"wp:attachment":[{"href":"https:\/\/tcrw-schwerte.de\/index.php?rest_route=%2Fwp%2Fv2%2Fmedia&parent=924"}],"curies":[{"name":"wp","href":"https:\/\/api.w.org\/{rel}","templated":true}]}}