{"id":73,"date":"2026-03-19T08:16:56","date_gmt":"2026-03-19T08:16:56","guid":{"rendered":"https:\/\/tcrw-schwerte.de\/?page_id=73"},"modified":"2026-04-06T14:26:36","modified_gmt":"2026-04-06T14:26:36","slug":"sportanlage","status":"publish","type":"page","link":"https:\/\/tcrw-schwerte.de\/?page_id=73","title":{"rendered":"Sportanlage"},"content":{"rendered":"\t\t<div data-elementor-type=\"wp-page\" data-elementor-id=\"73\" class=\"elementor elementor-73\" data-elementor-post-type=\"page\">\n\t\t\t\t<div class=\"elementor-element elementor-element-f4f1be9 e-flex e-con-boxed e-con e-parent\" data-id=\"f4f1be9\" data-element_type=\"container\" data-e-type=\"container\" data-settings=\"{&quot;background_background&quot;:&quot;classic&quot;}\">\n\t\t\t\t\t<div class=\"e-con-inner\">\n\t\t\t\t<div class=\"elementor-element elementor-element-58889ae elementor-widget__width-inherit elementor-widget-tablet__width-inherit elementor-invisible elementor-widget elementor-widget-heading\" data-id=\"58889ae\" data-element_type=\"widget\" data-e-type=\"widget\" data-settings=\"{&quot;_animation&quot;:&quot;fadeIn&quot;}\" data-widget_type=\"heading.default\">\n\t\t\t\t<div class=\"elementor-widget-container\">\n\t\t\t\t\t<h1 class=\"elementor-heading-title elementor-size-default\">Sportanlage<\/h1>\t\t\t\t<\/div>\n\t\t\t\t<\/div>\n\t\t\t\t<div class=\"elementor-element elementor-element-37cad69 elementor-icon-list--layout-inline elementor-align-center elementor-list-item-link-full_width elementor-invisible elementor-widget elementor-widget-icon-list\" data-id=\"37cad69\" data-element_type=\"widget\" data-e-type=\"widget\" data-settings=\"{&quot;_animation&quot;:&quot;fadeIn&quot;}\" data-widget_type=\"icon-list.default\">\n\t\t\t\t<div class=\"elementor-widget-container\">\n\t\t\t\t\t\t\t<ul class=\"elementor-icon-list-items elementor-inline-items\">\n\t\t\t\t\t\t\t<li class=\"elementor-icon-list-item elementor-inline-item\">\n\t\t\t\t\t\t\t\t\t\t<span class=\"elementor-icon-list-text\">Startseite<\/span>\n\t\t\t\t\t\t\t\t\t<\/li>\n\t\t\t\t\t\t\t\t<li class=\"elementor-icon-list-item elementor-inline-item\">\n\t\t\t\t\t\t\t\t\t\t\t<span class=\"elementor-icon-list-icon\">\n\t\t\t\t\t\t\t<i aria-hidden=\"true\" class=\"fas fa-chevron-right\"><\/i>\t\t\t\t\t\t<\/span>\n\t\t\t\t\t\t\t\t\t\t<span class=\"elementor-icon-list-text\">Sportanlage<\/span>\n\t\t\t\t\t\t\t\t\t<\/li>\n\t\t\t\t\t\t<\/ul>\n\t\t\t\t\t\t<\/div>\n\t\t\t\t<\/div>\n\t\t\t\t\t<\/div>\n\t\t\t\t<\/div>\n\t\t<div class=\"elementor-element elementor-element-e52c75f e-flex e-con-boxed e-con e-parent\" data-id=\"e52c75f\" data-element_type=\"container\" data-e-type=\"container\">\n\t\t\t\t\t<div class=\"e-con-inner\">\n\t\t<div class=\"elementor-element elementor-element-b8e4a59 e-con-full e-flex e-con e-child\" data-id=\"b8e4a59\" data-element_type=\"container\" data-e-type=\"container\">\n\t\t\t\t<div class=\"elementor-element elementor-element-c059fa2 elementor-widget elementor-widget-image\" data-id=\"c059fa2\" data-element_type=\"widget\" data-e-type=\"widget\" data-widget_type=\"image.default\">\n\t\t\t\t<div class=\"elementor-widget-container\">\n\t\t\t\t\t\t\t\t\t\t\t\t\t\t\t<img fetchpriority=\"high\" decoding=\"async\" width=\"1024\" height=\"768\" src=\"https:\/\/tcrw-schwerte.de\/wp-content\/uploads\/2026\/03\/imgi_47_halle_rot-1024x768-1.jpg\" class=\"attachment-full size-full wp-image-155\" alt=\"\" srcset=\"https:\/\/tcrw-schwerte.de\/wp-content\/uploads\/2026\/03\/imgi_47_halle_rot-1024x768-1.jpg 1024w, https:\/\/tcrw-schwerte.de\/wp-content\/uploads\/2026\/03\/imgi_47_halle_rot-1024x768-1-300x225.jpg 300w, https:\/\/tcrw-schwerte.de\/wp-content\/uploads\/2026\/03\/imgi_47_halle_rot-1024x768-1-768x576.jpg 768w\" sizes=\"(max-width: 1024px) 100vw, 1024px\" \/>\t\t\t\t\t\t\t\t\t\t\t\t\t\t\t<\/div>\n\t\t\t\t<\/div>\n\t\t\t\t<\/div>\n\t\t<div class=\"elementor-element elementor-element-9ed2985 e-con-full e-flex e-con e-child\" data-id=\"9ed2985\" data-element_type=\"container\" data-e-type=\"container\">\n\t\t\t\t<div class=\"elementor-element elementor-element-8e4660b elementor-widget__width-initial elementor-invisible elementor-widget elementor-widget-heading\" data-id=\"8e4660b\" data-element_type=\"widget\" data-e-type=\"widget\" data-settings=\"{&quot;_animation&quot;:&quot;fadeInUp&quot;}\" data-widget_type=\"heading.default\">\n\t\t\t\t<div class=\"elementor-widget-container\">\n\t\t\t\t\t<p class=\"elementor-heading-title elementor-size-default\">Unsere Anlage<\/p>\t\t\t\t<\/div>\n\t\t\t\t<\/div>\n\t\t\t\t<div class=\"elementor-element elementor-element-650bf76 elementor-widget__width-inherit elementor-invisible elementor-widget elementor-widget-heading\" data-id=\"650bf76\" data-element_type=\"widget\" data-e-type=\"widget\" data-settings=\"{&quot;_animation&quot;:&quot;fadeIn&quot;}\" data-widget_type=\"heading.default\">\n\t\t\t\t<div class=\"elementor-widget-container\">\n\t\t\t\t\t<h2 class=\"elementor-heading-title elementor-size-default\">Unsere Pl\u00e4tze und Hallen in Schwerte<\/h2>\t\t\t\t<\/div>\n\t\t\t\t<\/div>\n\t\t\t\t<div class=\"elementor-element elementor-element-2faff08 elementor-widget__width-inherit elementor-invisible elementor-widget elementor-widget-heading\" data-id=\"2faff08\" data-element_type=\"widget\" data-e-type=\"widget\" data-settings=\"{&quot;_animation&quot;:&quot;fadeIn&quot;}\" data-widget_type=\"heading.default\">\n\t\t\t\t<div class=\"elementor-widget-container\">\n\t\t\t\t\t<p class=\"elementor-heading-title elementor-size-default\">\nUnsere Tennisanlage geh\u00f6rt zu den besonderen Orten in Schwerte. Sie bietet optimale Bedingungen f\u00fcr Freizeitspieler, ambitionierte Sportler und Mannschaften \u2013 das ganze Jahr \u00fcber.<\/p>\t\t\t\t<\/div>\n\t\t\t\t<\/div>\n\t\t\t\t<div class=\"elementor-element elementor-element-23e828a elementor-widget__width-inherit elementor-invisible elementor-widget elementor-widget-heading\" data-id=\"23e828a\" data-element_type=\"widget\" data-e-type=\"widget\" data-settings=\"{&quot;_animation&quot;:&quot;fadeIn&quot;}\" data-widget_type=\"heading.default\">\n\t\t\t\t<div class=\"elementor-widget-container\">\n\t\t\t\t\t<p class=\"elementor-heading-title elementor-size-default\">In den Jahren 1991\/92 wurde die Anlage auf insgesamt sechs Au\u00dfenpl\u00e4tze erweitert. Im Jahr 1995 gingen die Tennishallen in das Eigentum des Vereins \u00fcber. Mit diesem Schritt entstand die Anlage in ihrer heutigen Form.<\/p>\t\t\t\t<\/div>\n\t\t\t\t<\/div>\n\t\t\t\t<\/div>\n\t\t\t\t\t<\/div>\n\t\t\t\t<\/div>\n\t\t<div class=\"elementor-element elementor-element-2390778 e-flex e-con-boxed e-con e-parent\" data-id=\"2390778\" data-element_type=\"container\" data-e-type=\"container\" data-settings=\"{&quot;background_background&quot;:&quot;classic&quot;}\">\n\t\t\t\t\t<div class=\"e-con-inner\">\n\t\t\t\t<div class=\"elementor-element elementor-element-b26d5fa elementor-widget__width-inherit elementor-invisible elementor-widget elementor-widget-heading\" data-id=\"b26d5fa\" data-element_type=\"widget\" data-e-type=\"widget\" data-settings=\"{&quot;_animation&quot;:&quot;fadeIn&quot;}\" data-widget_type=\"heading.default\">\n\t\t\t\t<div class=\"elementor-widget-container\">\n\t\t\t\t\t<h2 class=\"elementor-heading-title elementor-size-default\">Atmosph\u00e4re &amp; Umgebung<\/h2>\t\t\t\t<\/div>\n\t\t\t\t<\/div>\n\t\t\t\t<div class=\"elementor-element elementor-element-13a6d6b elementor-widget__width-initial elementor-widget-mobile__width-inherit elementor-invisible elementor-widget elementor-widget-heading\" data-id=\"13a6d6b\" data-element_type=\"widget\" data-e-type=\"widget\" data-settings=\"{&quot;_animation&quot;:&quot;fadeIn&quot;}\" data-widget_type=\"heading.default\">\n\t\t\t\t<div class=\"elementor-widget-container\">\n\t\t\t\t\t<p class=\"elementor-heading-title elementor-size-default\">Unsere Anlage \u00fcberzeugt nicht nur durch ihre Ausstattung, sondern auch durch ihre ruhige und gr\u00fcne Umgebung. Hier kannst Du Dich auf Dein Spiel konzentrieren und gleichzeitig die entspannte Atmosph\u00e4re genie\u00dfen.<\/p>\t\t\t\t<\/div>\n\t\t\t\t<\/div>\n\t\t\t\t<div class=\"elementor-element elementor-element-d9d482f elementor-invisible elementor-widget elementor-widget-button\" data-id=\"d9d482f\" data-element_type=\"widget\" data-e-type=\"widget\" data-settings=\"{&quot;_animation&quot;:&quot;fadeIn&quot;}\" data-widget_type=\"button.default\">\n\t\t\t\t<div class=\"elementor-widget-container\">\n\t\t\t\t\t\t\t\t\t<div class=\"elementor-button-wrapper\">\n\t\t\t\t\t<a class=\"elementor-button elementor-button-link elementor-size-sm\" href=\"https:\/\/tcrw-hallenbuchung.de\/mrbs\/web\/index.php?view=day&#038;area=1)\" target=\"_blank\">\n\t\t\t\t\t\t<span class=\"elementor-button-content-wrapper\">\n\t\t\t\t\t\t\t\t\t<span class=\"elementor-button-text\">Mitglied werden<\/span>\n\t\t\t\t\t<\/span>\n\t\t\t\t\t<\/a>\n\t\t\t\t<\/div>\n\t\t\t\t\t\t\t\t<\/div>\n\t\t\t\t<\/div>\n\t\t\t\t\t<\/div>\n\t\t\t\t<\/div>\n\t\t<div class=\"elementor-element elementor-element-cfa5e3e e-flex e-con-boxed e-con e-parent\" data-id=\"cfa5e3e\" data-element_type=\"container\" data-e-type=\"container\">\n\t\t\t\t\t<div class=\"e-con-inner\">\n\t\t<div class=\"elementor-element elementor-element-a86d463 e-con-full e-flex e-con e-child\" data-id=\"a86d463\" data-element_type=\"container\" data-e-type=\"container\">\n\t\t\t\t<div class=\"elementor-element elementor-element-90d4777 elementor-widget elementor-widget-image\" data-id=\"90d4777\" data-element_type=\"widget\" data-e-type=\"widget\" data-widget_type=\"image.default\">\n\t\t\t\t<div class=\"elementor-widget-container\">\n\t\t\t\t\t\t\t\t\t\t\t\t\t\t\t<img decoding=\"async\" width=\"719\" height=\"480\" src=\"https:\/\/tcrw-schwerte.de\/wp-content\/uploads\/2026\/03\/imgi_48_halle_gruen.jpg\" class=\"attachment-full size-full wp-image-151\" alt=\"\" srcset=\"https:\/\/tcrw-schwerte.de\/wp-content\/uploads\/2026\/03\/imgi_48_halle_gruen.jpg 719w, https:\/\/tcrw-schwerte.de\/wp-content\/uploads\/2026\/03\/imgi_48_halle_gruen-300x200.jpg 300w\" sizes=\"(max-width: 719px) 100vw, 719px\" \/>\t\t\t\t\t\t\t\t\t\t\t\t\t\t\t<\/div>\n\t\t\t\t<\/div>\n\t\t\t\t<\/div>\n\t\t<div class=\"elementor-element elementor-element-2673b74 e-con-full e-flex e-con e-child\" data-id=\"2673b74\" data-element_type=\"container\" data-e-type=\"container\">\n\t\t\t\t<div class=\"elementor-element elementor-element-ceb7750 elementor-widget__width-inherit elementor-widget-mobile__width-inherit elementor-invisible elementor-widget elementor-widget-heading\" data-id=\"ceb7750\" data-element_type=\"widget\" data-e-type=\"widget\" data-settings=\"{&quot;_animation&quot;:&quot;fadeIn&quot;}\" data-widget_type=\"heading.default\">\n\t\t\t\t<div class=\"elementor-widget-container\">\n\t\t\t\t\t<h1 class=\"elementor-heading-title elementor-size-default\">Unsere Hallen<\/h1>\t\t\t\t<\/div>\n\t\t\t\t<\/div>\n\t\t\t\t<div class=\"elementor-element elementor-element-c84a9bb elementor-widget__width-inherit elementor-invisible elementor-widget elementor-widget-heading\" data-id=\"c84a9bb\" data-element_type=\"widget\" data-e-type=\"widget\" data-settings=\"{&quot;_animation&quot;:&quot;fadeIn&quot;}\" data-widget_type=\"heading.default\">\n\t\t\t\t<div class=\"elementor-widget-container\">\n\t\t\t\t\t<p class=\"elementor-heading-title elementor-size-default\">Unsere beiden Tennishallen wurden modernisiert und auf einen zeitgem\u00e4\u00dfen Standard gebracht. Besonders die sanit\u00e4ren Anlagen wurden deutlich verbessert, um Komfort und Qualit\u00e4t f\u00fcr alle Mitglieder zu gew\u00e4hrleisten.<\/p>\t\t\t\t<\/div>\n\t\t\t\t<\/div>\n\t\t\t\t<div class=\"elementor-element elementor-element-5023da1 elementor-widget__width-inherit elementor-invisible elementor-widget elementor-widget-heading\" data-id=\"5023da1\" data-element_type=\"widget\" data-e-type=\"widget\" data-settings=\"{&quot;_animation&quot;:&quot;fadeIn&quot;}\" data-widget_type=\"heading.default\">\n\t\t\t\t<div class=\"elementor-widget-container\">\n\t\t\t\t\t<p class=\"elementor-heading-title elementor-size-default\">Ziel ist es, unseren Mitgliedern eine angenehme und hochwertige Tennisumgebung zu bieten.<\/p>\t\t\t\t<\/div>\n\t\t\t\t<\/div>\n\t\t\t\t<div class=\"elementor-element elementor-element-74c582f elementor-icon-list--layout-traditional elementor-list-item-link-full_width elementor-invisible elementor-widget elementor-widget-icon-list\" data-id=\"74c582f\" data-element_type=\"widget\" data-e-type=\"widget\" data-settings=\"{&quot;_animation&quot;:&quot;fadeIn&quot;}\" data-widget_type=\"icon-list.default\">\n\t\t\t\t<div class=\"elementor-widget-container\">\n\t\t\t\t\t\t\t<ul class=\"elementor-icon-list-items\">\n\t\t\t\t\t\t\t<li class=\"elementor-icon-list-item\">\n\t\t\t\t\t\t\t\t\t\t\t<span class=\"elementor-icon-list-icon\">\n\t\t\t\t\t\t\t<i aria-hidden=\"true\" class=\"fas fa-check\"><\/i>\t\t\t\t\t\t<\/span>\n\t\t\t\t\t\t\t\t\t\t<span class=\"elementor-icon-list-text\">Zwei beheizte Tennishallen<\/span>\n\t\t\t\t\t\t\t\t\t<\/li>\n\t\t\t\t\t\t\t\t<li class=\"elementor-icon-list-item\">\n\t\t\t\t\t\t\t\t\t\t\t<span class=\"elementor-icon-list-icon\">\n\t\t\t\t\t\t\t<i aria-hidden=\"true\" class=\"fas fa-check\"><\/i>\t\t\t\t\t\t<\/span>\n\t\t\t\t\t\t\t\t\t\t<span class=\"elementor-icon-list-text\">Sechs gepflegte Au\u00dfenpl\u00e4tze<\/span>\n\t\t\t\t\t\t\t\t\t<\/li>\n\t\t\t\t\t\t\t\t<li class=\"elementor-icon-list-item\">\n\t\t\t\t\t\t\t\t\t\t\t<span class=\"elementor-icon-list-icon\">\n\t\t\t\t\t\t\t<i aria-hidden=\"true\" class=\"fas fa-check\"><\/i>\t\t\t\t\t\t<\/span>\n\t\t\t\t\t\t\t\t\t\t<span class=\"elementor-icon-list-text\">Modernes Vereinsheim mit Umkleiden<\/span>\n\t\t\t\t\t\t\t\t\t<\/li>\n\t\t\t\t\t\t\t\t<li class=\"elementor-icon-list-item\">\n\t\t\t\t\t\t\t\t\t\t\t<span class=\"elementor-icon-list-icon\">\n\t\t\t\t\t\t\t<i aria-hidden=\"true\" class=\"fas fa-check\"><\/i>\t\t\t\t\t\t<\/span>\n\t\t\t\t\t\t\t\t\t\t<span class=\"elementor-icon-list-text\">Ganzj\u00e4hrige Spielm\u00f6glichkeiten<\/span>\n\t\t\t\t\t\t\t\t\t<\/li>\n\t\t\t\t\t\t<\/ul>\n\t\t\t\t\t\t<\/div>\n\t\t\t\t<\/div>\n\t\t\t\t<\/div>\n\t\t\t\t\t<\/div>\n\t\t\t\t<\/div>\n\t\t\t\t<\/div>\n\t\t","protected":false},"excerpt":{"rendered":"<p>Startseite Unsere Anlage Unsere Pl\u00e4tze und Hallen in Schwerte Unsere Tennisanlage geh\u00f6rt zu den besonderen Orten in Schwerte. Sie bietet optimale Bedingungen f\u00fcr Freizeitspieler, ambitionierte Sportler und Mannschaften \u2013 das ganze Jahr \u00fcber. In den Jahren 1991\/92 wurde die Anlage auf insgesamt sechs Au\u00dfenpl\u00e4tze erweitert. Im Jahr 1995 gingen die Tennishallen in das Eigentum des [&hellip;]<\/p>\n","protected":false},"author":1,"featured_media":0,"parent":0,"menu_order":0,"comment_status":"closed","ping_status":"closed","template":"elementor_header_footer","meta":{"footnotes":""},"class_list":["post-73","page","type-page","status-publish","hentry","entry"],"yoast_head":"<!-- This site is optimized with the Yoast SEO plugin v27.3 - https:\/\/yoast.com\/product\/yoast-seo-wordpress\/ -->\n<title>Sportanlage - TCRW<\/title>\n<meta name=\"robots\" content=\"index, follow, max-snippet:-1, max-image-preview:large, max-video-preview:-1\" \/>\n<link rel=\"canonical\" href=\"https:\/\/tcrw-schwerte.de\/?page_id=73\" \/>\n<meta property=\"og:locale\" content=\"en_US\" \/>\n<meta property=\"og:type\" content=\"article\" \/>\n<meta property=\"og:title\" content=\"Sportanlage - TCRW\" \/>\n<meta property=\"og:description\" content=\"Startseite Unsere Anlage Unsere Pl\u00e4tze und Hallen in Schwerte Unsere Tennisanlage geh\u00f6rt zu den besonderen Orten in Schwerte. Sie bietet optimale Bedingungen f\u00fcr Freizeitspieler, ambitionierte Sportler und Mannschaften \u2013 das ganze Jahr \u00fcber. In den Jahren 1991\/92 wurde die Anlage auf insgesamt sechs Au\u00dfenpl\u00e4tze erweitert. Im Jahr 1995 gingen die Tennishallen in das Eigentum des [&hellip;]\" \/>\n<meta property=\"og:url\" content=\"https:\/\/tcrw-schwerte.de\/?page_id=73\" \/>\n<meta property=\"og:site_name\" content=\"TCRW\" \/>\n<meta property=\"article:modified_time\" content=\"2026-04-06T14:26:36+00:00\" \/>\n<meta property=\"og:image\" content=\"https:\/\/tcrw-schwerte.de\/wp-content\/uploads\/2026\/03\/imgi_47_halle_rot-1024x768-1.jpg\" \/>\n\t<meta property=\"og:image:width\" content=\"1024\" \/>\n\t<meta property=\"og:image:height\" content=\"768\" \/>\n\t<meta property=\"og:image:type\" content=\"image\/jpeg\" \/>\n<meta name=\"twitter:card\" content=\"summary_large_image\" \/>\n<meta name=\"twitter:label1\" content=\"Est. reading time\" \/>\n\t<meta name=\"twitter:data1\" content=\"1 minute\" \/>\n<script type=\"application\/ld+json\" class=\"yoast-schema-graph\">{\"@context\":\"https:\\\/\\\/schema.org\",\"@graph\":[{\"@type\":\"WebPage\",\"@id\":\"https:\\\/\\\/tcrw-schwerte.de\\\/?page_id=73\",\"url\":\"https:\\\/\\\/tcrw-schwerte.de\\\/?page_id=73\",\"name\":\"Sportanlage - TCRW\",\"isPartOf\":{\"@id\":\"https:\\\/\\\/tcrw-schwerte.de\\\/#website\"},\"primaryImageOfPage\":{\"@id\":\"https:\\\/\\\/tcrw-schwerte.de\\\/?page_id=73#primaryimage\"},\"image\":{\"@id\":\"https:\\\/\\\/tcrw-schwerte.de\\\/?page_id=73#primaryimage\"},\"thumbnailUrl\":\"https:\\\/\\\/tcrw-schwerte.de\\\/wp-content\\\/uploads\\\/2026\\\/03\\\/imgi_47_halle_rot-1024x768-1.jpg\",\"datePublished\":\"2026-03-19T08:16:56+00:00\",\"dateModified\":\"2026-04-06T14:26:36+00:00\",\"breadcrumb\":{\"@id\":\"https:\\\/\\\/tcrw-schwerte.de\\\/?page_id=73#breadcrumb\"},\"inLanguage\":\"en-US\",\"potentialAction\":[{\"@type\":\"ReadAction\",\"target\":[\"https:\\\/\\\/tcrw-schwerte.de\\\/?page_id=73\"]}]},{\"@type\":\"ImageObject\",\"inLanguage\":\"en-US\",\"@id\":\"https:\\\/\\\/tcrw-schwerte.de\\\/?page_id=73#primaryimage\",\"url\":\"https:\\\/\\\/tcrw-schwerte.de\\\/wp-content\\\/uploads\\\/2026\\\/03\\\/imgi_47_halle_rot-1024x768-1.jpg\",\"contentUrl\":\"https:\\\/\\\/tcrw-schwerte.de\\\/wp-content\\\/uploads\\\/2026\\\/03\\\/imgi_47_halle_rot-1024x768-1.jpg\",\"width\":1024,\"height\":768},{\"@type\":\"BreadcrumbList\",\"@id\":\"https:\\\/\\\/tcrw-schwerte.de\\\/?page_id=73#breadcrumb\",\"itemListElement\":[{\"@type\":\"ListItem\",\"position\":1,\"name\":\"Home\",\"item\":\"https:\\\/\\\/tcrw-schwerte.de\\\/\"},{\"@type\":\"ListItem\",\"position\":2,\"name\":\"Sportanlage\"}]},{\"@type\":\"WebSite\",\"@id\":\"https:\\\/\\\/tcrw-schwerte.de\\\/#website\",\"url\":\"https:\\\/\\\/tcrw-schwerte.de\\\/\",\"name\":\"TCRW\",\"description\":\"Dein tennis club in schwerte\",\"potentialAction\":[{\"@type\":\"SearchAction\",\"target\":{\"@type\":\"EntryPoint\",\"urlTemplate\":\"https:\\\/\\\/tcrw-schwerte.de\\\/?s={search_term_string}\"},\"query-input\":{\"@type\":\"PropertyValueSpecification\",\"valueRequired\":true,\"valueName\":\"search_term_string\"}}],\"inLanguage\":\"en-US\"}]}<\/script>\n<!-- \/ Yoast SEO plugin. -->","yoast_head_json":{"title":"Sportanlage - TCRW","robots":{"index":"index","follow":"follow","max-snippet":"max-snippet:-1","max-image-preview":"max-image-preview:large","max-video-preview":"max-video-preview:-1"},"canonical":"https:\/\/tcrw-schwerte.de\/?page_id=73","og_locale":"en_US","og_type":"article","og_title":"Sportanlage - TCRW","og_description":"Startseite Unsere Anlage Unsere Pl\u00e4tze und Hallen in Schwerte Unsere Tennisanlage geh\u00f6rt zu den besonderen Orten in Schwerte. Sie bietet optimale Bedingungen f\u00fcr Freizeitspieler, ambitionierte Sportler und Mannschaften \u2013 das ganze Jahr \u00fcber. In den Jahren 1991\/92 wurde die Anlage auf insgesamt sechs Au\u00dfenpl\u00e4tze erweitert. Im Jahr 1995 gingen die Tennishallen in das Eigentum des [&hellip;]","og_url":"https:\/\/tcrw-schwerte.de\/?page_id=73","og_site_name":"TCRW","article_modified_time":"2026-04-06T14:26:36+00:00","og_image":[{"width":1024,"height":768,"url":"https:\/\/tcrw-schwerte.de\/wp-content\/uploads\/2026\/03\/imgi_47_halle_rot-1024x768-1.jpg","type":"image\/jpeg"}],"twitter_card":"summary_large_image","twitter_misc":{"Est. reading time":"1 minute"},"schema":{"@context":"https:\/\/schema.org","@graph":[{"@type":"WebPage","@id":"https:\/\/tcrw-schwerte.de\/?page_id=73","url":"https:\/\/tcrw-schwerte.de\/?page_id=73","name":"Sportanlage - TCRW","isPartOf":{"@id":"https:\/\/tcrw-schwerte.de\/#website"},"primaryImageOfPage":{"@id":"https:\/\/tcrw-schwerte.de\/?page_id=73#primaryimage"},"image":{"@id":"https:\/\/tcrw-schwerte.de\/?page_id=73#primaryimage"},"thumbnailUrl":"https:\/\/tcrw-schwerte.de\/wp-content\/uploads\/2026\/03\/imgi_47_halle_rot-1024x768-1.jpg","datePublished":"2026-03-19T08:16:56+00:00","dateModified":"2026-04-06T14:26:36+00:00","breadcrumb":{"@id":"https:\/\/tcrw-schwerte.de\/?page_id=73#breadcrumb"},"inLanguage":"en-US","potentialAction":[{"@type":"ReadAction","target":["https:\/\/tcrw-schwerte.de\/?page_id=73"]}]},{"@type":"ImageObject","inLanguage":"en-US","@id":"https:\/\/tcrw-schwerte.de\/?page_id=73#primaryimage","url":"https:\/\/tcrw-schwerte.de\/wp-content\/uploads\/2026\/03\/imgi_47_halle_rot-1024x768-1.jpg","contentUrl":"https:\/\/tcrw-schwerte.de\/wp-content\/uploads\/2026\/03\/imgi_47_halle_rot-1024x768-1.jpg","width":1024,"height":768},{"@type":"BreadcrumbList","@id":"https:\/\/tcrw-schwerte.de\/?page_id=73#breadcrumb","itemListElement":[{"@type":"ListItem","position":1,"name":"Home","item":"https:\/\/tcrw-schwerte.de\/"},{"@type":"ListItem","position":2,"name":"Sportanlage"}]},{"@type":"WebSite","@id":"https:\/\/tcrw-schwerte.de\/#website","url":"https:\/\/tcrw-schwerte.de\/","name":"TCRW","description":"Dein tennis club in schwerte","potentialAction":[{"@type":"SearchAction","target":{"@type":"EntryPoint","urlTemplate":"https:\/\/tcrw-schwerte.de\/?s={search_term_string}"},"query-input":{"@type":"PropertyValueSpecification","valueRequired":true,"valueName":"search_term_string"}}],"inLanguage":"en-US"}]}},"_links":{"self":[{"href":"https:\/\/tcrw-schwerte.de\/index.php?rest_route=\/wp\/v2\/pages\/73","targetHints":{"allow":["GET"]}}],"collection":[{"href":"https:\/\/tcrw-schwerte.de\/index.php?rest_route=\/wp\/v2\/pages"}],"about":[{"href":"https:\/\/tcrw-schwerte.de\/index.php?rest_route=\/wp\/v2\/types\/page"}],"author":[{"embeddable":true,"href":"https:\/\/tcrw-schwerte.de\/index.php?rest_route=\/wp\/v2\/users\/1"}],"replies":[{"embeddable":true,"href":"https:\/\/tcrw-schwerte.de\/index.php?rest_route=%2Fwp%2Fv2%2Fcomments&post=73"}],"version-history":[{"count":23,"href":"https:\/\/tcrw-schwerte.de\/index.php?rest_route=\/wp\/v2\/pages\/73\/revisions"}],"predecessor-version":[{"id":632,"href":"https:\/\/tcrw-schwerte.de\/index.php?rest_route=\/wp\/v2\/pages\/73\/revisions\/632"}],"wp:attachment":[{"href":"https:\/\/tcrw-schwerte.de\/index.php?rest_route=%2Fwp%2Fv2%2Fmedia&parent=73"}],"curies":[{"name":"wp","href":"https:\/\/api.w.org\/{rel}","templated":true}]}}