{"id":3257,"date":"2023-06-04T14:13:57","date_gmt":"2023-06-04T12:13:57","guid":{"rendered":"https:\/\/tcrw-schwerte.de\/?page_id=3257"},"modified":"2025-11-05T18:07:52","modified_gmt":"2025-11-05T17:07:52","slug":"hallen-und-plaetze","status":"publish","type":"page","link":"https:\/\/tcrw-schwerte.de\/?page_id=3257","title":{"rendered":"Hallen und Pl\u00e4tze"},"content":{"rendered":"<p data-start=\"100\" data-end=\"174\">Unsere beiden Hallen bieten optimale Spielbedingungen zu jeder Jahreszeit.<\/p>\n<p data-start=\"176\" data-end=\"381\"><strong data-start=\"176\" data-end=\"192\">Gr\u00fcne Halle:<\/strong><br data-start=\"192\" data-end=\"195\" \/>1999\/2000 umfassend saniert \u2013 mit festem Dach, Isolierung, neuem Schwingboden und moderner Beleuchtung. Die Heizung wurde 2006 erneuert. Sanit\u00e4rr\u00e4ume f\u00fcr Damen und Herren sind vorhanden.<\/p>\n<p data-start=\"383\" data-end=\"624\"><strong data-start=\"383\" data-end=\"398\">Rote Halle:<\/strong><br data-start=\"398\" data-end=\"401\" \/>2018 aufwendig modernisiert \u2013 neues DUOL-Doppeldach, gelenkschonender TennisForce ES-Boden von SportAs und moderne LED-Beleuchtung (60 % Stromersparnis). Eine Heizung mit Deckenventilatoren sorgt f\u00fcr angenehme Temperaturen.<\/p>\n<p data-start=\"626\" data-end=\"857\"><strong data-start=\"626\" data-end=\"638\">Buchung:<\/strong><br data-start=\"638\" data-end=\"641\" \/>Freie Stunden finden Sie im <a href=\"#\" rel=\"noopener\" data-start=\"669\" data-end=\"693\">Hallenbelegungsplan<\/a>.<br data-start=\"694\" data-end=\"697\" \/>Buchung \u00fcber <strong data-start=\"710\" data-end=\"727\">Ewald Alshuth<\/strong> (Tel. 0152 33728045, WhatsApp).<br data-start=\"759\" data-end=\"762\" \/>Vereinsmitglieder k\u00f6nnen online buchen \u2013 Zugangscode per Mail an <strong data-start=\"827\" data-end=\"856\"><a rel=\"noopener\" data-start=\"829\" data-end=\"854\">ewald-alshuth@t-online.de<\/a><\/strong>.<\/p>\n<p data-start=\"626\" data-end=\"857\">Bei technischen St\u00f6rungen: <strong data-start=\"941\" data-end=\"956\">Willi Holin<\/strong> (<a rel=\"noopener\" data-start=\"958\" data-end=\"976\">willi-holin@gmx.de<\/a>, 0176 60842302)<\/p>\n<p>Preise<\/p>\n<p><strong>Sommersaison (22 Wochen)<\/strong><\/p>\n<table style=\"height: 172px;\" border=\"1\" width=\"548\" cellspacing=\"0\" cellpadding=\"4\" align=\"\">\n<colgroup>\n<col width=\"64*\" \/>\n<col width=\"48*\" \/>\n<col width=\"49*\" \/>\n<col width=\"48*\" \/>\n<col width=\"48*\" \/><\/colgroup>\n<tbody>\n<tr valign=\"top\">\n<td width=\"25%\"><b>Z<\/b><b>eit<\/b><\/td>\n<td width=\"19%\"><b>Abo Saison<\/b><\/td>\n<td width=\"19%\"><b>Stunde<\/b><\/td>\n<\/tr>\n<tr valign=\"top\">\n<td width=\"25%\">Mo \u2013 Fr 08-14<\/td>\n<td width=\"19%\">200,00<\/td>\n<td width=\"19%\">10,00<\/td>\n<\/tr>\n<tr valign=\"top\">\n<td width=\"25%\">Mo \u2013 Fr 14-17<\/td>\n<td width=\"19%\">220,00<\/td>\n<td width=\"19%\">11,00<\/td>\n<\/tr>\n<tr valign=\"top\">\n<td width=\"25%\">Mo \u2013 Fr 17-22<\/td>\n<td width=\"19%\">260,00<\/td>\n<td width=\"19%\">13,00<\/td>\n<\/tr>\n<tr valign=\"top\">\n<td width=\"25%\">Sa und So<\/td>\n<td width=\"19%\">240,00<\/td>\n<td width=\"19%\">12,00<\/td>\n<\/tr>\n<\/tbody>\n<\/table>\n<p><strong>Wintersaison (30 Wochen)<\/p>\n<p><\/strong><\/p>\n<table style=\"height: 172px;\" border=\"1\" width=\"548\" cellspacing=\"0\" cellpadding=\"4\" align=\"\">\n<colgroup>\n<col width=\"64*\" \/>\n<col width=\"48*\" \/>\n<col width=\"49*\" \/>\n<col width=\"48*\" \/>\n<col width=\"48*\" \/><\/colgroup>\n<tbody>\n<tr valign=\"top\">\n<td width=\"25%\"><b>Zeit<\/b><\/td>\n<td width=\"19%\"><b>Abo Saison<\/b><\/td>\n<td width=\"19%\"><b>Stunde<\/b><\/td>\n<\/tr>\n<tr valign=\"top\">\n<td width=\"25%\">Mo \u2013 Fr 08-14<\/td>\n<td width=\"19%\">495,00<\/td>\n<td width=\"19%\">17,00<\/td>\n<\/tr>\n<tr valign=\"top\">\n<td width=\"25%\">Mo \u2013 Fr 14-17<\/td>\n<td width=\"19%\">570,00<\/td>\n<td width=\"19%\">20,00<\/td>\n<\/tr>\n<tr valign=\"top\">\n<td width=\"25%\">Mo \u2013 Fr 17-22<\/td>\n<td width=\"19%\">630,00<\/td>\n<td width=\"19%\">22,00<\/td>\n<\/tr>\n<tr valign=\"top\">\n<td width=\"25%\">Sa und So<\/td>\n<td width=\"19%\">570,00<\/td>\n<td width=\"19%\">20,00<\/td>\n<\/tr>\n<\/tbody>\n<\/table>\n","protected":false},"excerpt":{"rendered":"<p>Unsere beiden Hallen bieten optimale Spielbedingungen zu jeder Jahreszeit. Gr\u00fcne Halle:1999\/2000 umfassend saniert \u2013 mit festem Dach, Isolierung, neuem Schwingboden und moderner Beleuchtung. Die Heizung wurde 2006 erneuert. Sanit\u00e4rr\u00e4ume f\u00fcr Damen und Herren sind vorhanden. Rote Halle:2018 aufwendig modernisiert \u2013 neues DUOL-Doppeldach, gelenkschonender TennisForce ES-Boden von SportAs und moderne LED-Beleuchtung (60 % Stromersparnis). Eine Heizung [&hellip;]<\/p>\n","protected":false},"author":1,"featured_media":0,"parent":0,"menu_order":0,"comment_status":"closed","ping_status":"closed","template":"","meta":{"footnotes":""},"class_list":["post-3257","page","type-page","status-publish","hentry"],"_links":{"self":[{"href":"https:\/\/tcrw-schwerte.de\/index.php?rest_route=\/wp\/v2\/pages\/3257","targetHints":{"allow":["GET"]}}],"collection":[{"href":"https:\/\/tcrw-schwerte.de\/index.php?rest_route=\/wp\/v2\/pages"}],"about":[{"href":"https:\/\/tcrw-schwerte.de\/index.php?rest_route=\/wp\/v2\/types\/page"}],"author":[{"embeddable":true,"href":"https:\/\/tcrw-schwerte.de\/index.php?rest_route=\/wp\/v2\/users\/1"}],"replies":[{"embeddable":true,"href":"https:\/\/tcrw-schwerte.de\/index.php?rest_route=%2Fwp%2Fv2%2Fcomments&post=3257"}],"version-history":[{"count":22,"href":"https:\/\/tcrw-schwerte.de\/index.php?rest_route=\/wp\/v2\/pages\/3257\/revisions"}],"predecessor-version":[{"id":3792,"href":"https:\/\/tcrw-schwerte.de\/index.php?rest_route=\/wp\/v2\/pages\/3257\/revisions\/3792"}],"wp:attachment":[{"href":"https:\/\/tcrw-schwerte.de\/index.php?rest_route=%2Fwp%2Fv2%2Fmedia&parent=3257"}],"curies":[{"name":"wp","href":"https:\/\/api.w.org\/{rel}","templated":true}]}}